{"id":34824,"date":"2025-08-21T00:18:06","date_gmt":"2025-08-21T03:18:06","guid":{"rendered":"https:\/\/eqz.adv.br\/?page_id=34824"},"modified":"2025-08-21T11:11:22","modified_gmt":"2025-08-21T14:11:22","slug":"politica-de-privacidade","status":"publish","type":"page","link":"https:\/\/eqz.adv.br\/en\/politica-de-privacidade\/","title":{"rendered":"Pol\u00edtica de Privacidade"},"content":{"rendered":"<div data-elementor-type=\"wp-page\" data-elementor-id=\"34824\" class=\"elementor elementor-34824\" data-elementor-post-type=\"page\">\n\t\t\t\t<div class=\"elementor-element elementor-element-171c063 e-flex e-con-boxed e-con e-parent\" data-id=\"171c063\" data-element_type=\"container\">\n\t\t\t\t\t<div class=\"e-con-inner\">\n\t\t\t\t<div class=\"elementor-element elementor-element-966544c elementor-widget elementor-widget-heading\" data-id=\"966544c\" data-element_type=\"widget\" data-widget_type=\"heading.default\">\n\t\t\t\t<div class=\"elementor-widget-container\">\n\t\t\t\t\t<h2 class=\"elementor-heading-title elementor-size-default\">Privacy Policy \u2013 EQZ Advogados<\/h2>\t\t\t\t<\/div>\n\t\t\t\t<\/div>\n\t\t\t\t<div class=\"elementor-element elementor-element-438772d elementor-widget-divider--view-line elementor-widget elementor-widget-divider\" data-id=\"438772d\" data-element_type=\"widget\" data-widget_type=\"divider.default\">\n\t\t\t\t<div class=\"elementor-widget-container\">\n\t\t\t\t\t\t\t<div class=\"elementor-divider\">\n\t\t\t<span class=\"elementor-divider-separator\">\n\t\t\t\t\t\t<\/span>\n\t\t<\/div>\n\t\t\t\t\t\t<\/div>\n\t\t\t\t<\/div>\n\t\t\t\t<div class=\"elementor-element elementor-element-dcd8937 elementor-widget elementor-widget-text-editor\" data-id=\"dcd8937\" data-element_type=\"widget\" data-widget_type=\"text-editor.default\">\n\t\t\t\t<div class=\"elementor-widget-container\">\n\t\t\t\t\t\t\t\t\t<p><span style=\"font-weight: 400;\">EQZ Advogados values the privacy and protection of the personal data of all visitors to our website. This Privacy Policy describes how we collect, use, store, and protect the information provided by users, in compliance with the Brazilian General Data Protection Law (Law No. 13.709\/2018 \u2013 LGPD).<\/span><\/p>\t\t\t\t\t\t\t\t<\/div>\n\t\t\t\t<\/div>\n\t\t\t\t\t<\/div>\n\t\t\t\t<\/div>\n\t\t<div class=\"elementor-element elementor-element-1acddc7 e-flex e-con-boxed e-con e-parent\" data-id=\"1acddc7\" data-element_type=\"container\">\n\t\t\t\t\t<div class=\"e-con-inner\">\n\t\t\t\t<div class=\"elementor-element elementor-element-787c436 elementor-widget elementor-widget-heading\" data-id=\"787c436\" data-element_type=\"widget\" data-widget_type=\"heading.default\">\n\t\t\t\t<div class=\"elementor-widget-container\">\n\t\t\t\t\t<h4 class=\"elementor-heading-title elementor-size-default\">1. Data Collection<\/h4>\t\t\t\t<\/div>\n\t\t\t\t<\/div>\n\t\t\t\t<div class=\"elementor-element elementor-element-ac9a625 elementor-widget elementor-widget-text-editor\" data-id=\"ac9a625\" data-element_type=\"widget\" data-widget_type=\"text-editor.default\">\n\t\t\t\t<div class=\"elementor-widget-container\">\n\t\t\t\t\t\t\t\t\t<ul><li style=\"font-weight: 400;\" aria-level=\"1\"><span style=\"font-weight: 400;\">Information provided directly by the user: name, email, phone number, or other data entered in contact forms;<\/span><span style=\"font-weight: 400;\"><br \/><\/span><\/li><li style=\"font-weight: 400;\" aria-level=\"1\"><span style=\"font-weight: 400;\">Browsing information: IP address, cookies, type of device, browser used, and pages visited.<\/span><\/li><\/ul>\t\t\t\t\t\t\t\t<\/div>\n\t\t\t\t<\/div>\n\t\t\t\t\t<\/div>\n\t\t\t\t<\/div>\n\t\t<div class=\"elementor-element elementor-element-8dedcb5 e-flex e-con-boxed e-con e-parent\" data-id=\"8dedcb5\" data-element_type=\"container\">\n\t\t\t\t\t<div class=\"e-con-inner\">\n\t\t\t\t<div class=\"elementor-element elementor-element-9fc1a2d elementor-widget elementor-widget-heading\" data-id=\"9fc1a2d\" data-element_type=\"widget\" data-widget_type=\"heading.default\">\n\t\t\t\t<div class=\"elementor-widget-container\">\n\t\t\t\t\t<h4 class=\"elementor-heading-title elementor-size-default\">2. Purpose of Data Collection<\/h4>\t\t\t\t<\/div>\n\t\t\t\t<\/div>\n\t\t\t\t<div class=\"elementor-element elementor-element-78b9d34 elementor-widget elementor-widget-text-editor\" data-id=\"78b9d34\" data-element_type=\"widget\" data-widget_type=\"text-editor.default\">\n\t\t\t\t<div class=\"elementor-widget-container\">\n\t\t\t\t\t\t\t\t\t<p><span style=\"font-weight: 400;\">The main purposes of collecting personal data are:<\/span><\/p>\t\t\t\t\t\t\t\t<\/div>\n\t\t\t\t<\/div>\n\t\t\t\t<div class=\"elementor-element elementor-element-2632714 elementor-widget elementor-widget-text-editor\" data-id=\"2632714\" data-element_type=\"widget\" data-widget_type=\"text-editor.default\">\n\t\t\t\t<div class=\"elementor-widget-container\">\n\t\t\t\t\t\t\t\t\t<ul><li style=\"font-weight: 400;\" aria-level=\"1\"><span style=\"font-weight: 400;\"><span style=\"font-weight: 400;\">To enable contact and respond to requests sent through the website;<\/span><\/span><\/li><li style=\"font-weight: 400;\" aria-level=\"1\"><span style=\"font-weight: 400;\"><span style=\"font-weight: 400;\">To provide institutional information, content, and relevant updates;<\/span><\/span><\/li><li style=\"font-weight: 400;\" aria-level=\"1\"><span style=\"font-weight: 400;\"><span style=\"font-weight: 400;\">To improve the browsing experience and website security;<\/span><\/span><\/li><li style=\"font-weight: 400;\" aria-level=\"1\"><span style=\"font-weight: 400;\">To comply with legal and regulatory obligations applicable to the legal profession.<\/span><\/li><\/ul>\t\t\t\t\t\t\t\t<\/div>\n\t\t\t\t<\/div>\n\t\t\t\t\t<\/div>\n\t\t\t\t<\/div>\n\t\t<div class=\"elementor-element elementor-element-8af5678 e-flex e-con-boxed e-con e-parent\" data-id=\"8af5678\" data-element_type=\"container\">\n\t\t\t\t\t<div class=\"e-con-inner\">\n\t\t\t\t<div class=\"elementor-element elementor-element-51e2d8f elementor-widget elementor-widget-heading\" data-id=\"51e2d8f\" data-element_type=\"widget\" data-widget_type=\"heading.default\">\n\t\t\t\t<div class=\"elementor-widget-container\">\n\t\t\t\t\t<h4 class=\"elementor-heading-title elementor-size-default\">Data Sharing<\/h4>\t\t\t\t<\/div>\n\t\t\t\t<\/div>\n\t\t\t\t<div class=\"elementor-element elementor-element-dfd6560 elementor-widget elementor-widget-text-editor\" data-id=\"dfd6560\" data-element_type=\"widget\" data-widget_type=\"text-editor.default\">\n\t\t\t\t<div class=\"elementor-widget-container\">\n\t\t\t\t\t\t\t\t\t<p><span style=\"font-weight: 400;\">EQZ Advogados does not sell personal data. Data sharing may occur only in specific situations:<\/span><\/p>\t\t\t\t\t\t\t\t<\/div>\n\t\t\t\t<\/div>\n\t\t\t\t<div class=\"elementor-element elementor-element-71a66ff elementor-widget elementor-widget-text-editor\" data-id=\"71a66ff\" data-element_type=\"widget\" data-widget_type=\"text-editor.default\">\n\t\t\t\t<div class=\"elementor-widget-container\">\n\t\t\t\t\t\t\t\t\t<ul><li style=\"font-weight: 400;\" aria-level=\"1\"><span style=\"font-weight: 400;\">When necessary to comply with legal obligations;<\/span><\/li><li style=\"font-weight: 400;\" aria-level=\"1\"><span style=\"font-weight: 400;\">With technology service providers and partners who assist in operating the website, always in compliance with data protection regulations.<\/span><\/li><\/ul>\t\t\t\t\t\t\t\t<\/div>\n\t\t\t\t<\/div>\n\t\t\t\t\t<\/div>\n\t\t\t\t<\/div>\n\t\t<div class=\"elementor-element elementor-element-a0cbb44 e-flex e-con-boxed e-con e-parent\" data-id=\"a0cbb44\" data-element_type=\"container\">\n\t\t\t\t\t<div class=\"e-con-inner\">\n\t\t\t\t<div class=\"elementor-element elementor-element-58ccff1 elementor-widget elementor-widget-heading\" data-id=\"58ccff1\" data-element_type=\"widget\" data-widget_type=\"heading.default\">\n\t\t\t\t<div class=\"elementor-widget-container\">\n\t\t\t\t\t<h4 class=\"elementor-heading-title elementor-size-default\">4. Storage and Security<\/h4>\t\t\t\t<\/div>\n\t\t\t\t<\/div>\n\t\t\t\t<div class=\"elementor-element elementor-element-b0f0b29 elementor-widget elementor-widget-text-editor\" data-id=\"b0f0b29\" data-element_type=\"widget\" data-widget_type=\"text-editor.default\">\n\t\t\t\t<div class=\"elementor-widget-container\">\n\t\t\t\t\t\t\t\t\t<p><span style=\"font-weight: 400;\">We adopt appropriate technical and administrative measures to protect personal data against unauthorized access, loss, alteration, or improper disclosure.<\/span><\/p>\t\t\t\t\t\t\t\t<\/div>\n\t\t\t\t<\/div>\n\t\t\t\t\t<\/div>\n\t\t\t\t<\/div>\n\t\t<div class=\"elementor-element elementor-element-baeb94a e-flex e-con-boxed e-con e-parent\" data-id=\"baeb94a\" data-element_type=\"container\">\n\t\t\t\t\t<div class=\"e-con-inner\">\n\t\t\t\t<div class=\"elementor-element elementor-element-d9aada6 elementor-widget elementor-widget-heading\" data-id=\"d9aada6\" data-element_type=\"widget\" data-widget_type=\"heading.default\">\n\t\t\t\t<div class=\"elementor-widget-container\">\n\t\t\t\t\t<h4 class=\"elementor-heading-title elementor-size-default\">5. Data Subject Rights<\/h4>\t\t\t\t<\/div>\n\t\t\t\t<\/div>\n\t\t\t\t<div class=\"elementor-element elementor-element-399bd8b elementor-widget elementor-widget-text-editor\" data-id=\"399bd8b\" data-element_type=\"widget\" data-widget_type=\"text-editor.default\">\n\t\t\t\t<div class=\"elementor-widget-container\">\n\t\t\t\t\t\t\t\t\t<p><span style=\"font-weight: 400;\">In accordance with the LGPD, users may, at any time:<\/span><\/p>\t\t\t\t\t\t\t\t<\/div>\n\t\t\t\t<\/div>\n\t\t\t\t<div class=\"elementor-element elementor-element-f370b58 elementor-widget elementor-widget-text-editor\" data-id=\"f370b58\" data-element_type=\"widget\" data-widget_type=\"text-editor.default\">\n\t\t\t\t<div class=\"elementor-widget-container\">\n\t\t\t\t\t\t\t\t\t<ul><li style=\"font-weight: 400;\" aria-level=\"1\"><span style=\"font-weight: 400;\">Request confirmation of whether their data is being processed;<\/span><span style=\"font-weight: 400;\"><br \/><\/span><\/li><li style=\"font-weight: 400;\" aria-level=\"1\"><span style=\"font-weight: 400;\">Access, correct, or update personal information;<\/span><span style=\"font-weight: 400;\"><br \/><\/span><\/li><li style=\"font-weight: 400;\" aria-level=\"1\"><span style=\"font-weight: 400;\">Request the deletion of their data, except in cases where the law requires its retention;<\/span><span style=\"font-weight: 400;\"><br \/><\/span><\/li><li style=\"font-weight: 400;\" aria-level=\"1\"><span style=\"font-weight: 400;\">Revoke consent previously granted.<\/span><\/li><\/ul>\t\t\t\t\t\t\t\t<\/div>\n\t\t\t\t<\/div>\n\t\t\t\t<div class=\"elementor-element elementor-element-f02c44b elementor-widget elementor-widget-text-editor\" data-id=\"f02c44b\" data-element_type=\"widget\" data-widget_type=\"text-editor.default\">\n\t\t\t\t<div class=\"elementor-widget-container\">\n\t\t\t\t\t\t\t\t\t<p><span style=\"font-weight: 400;\">To exercise these rights, the data subject should contact us at: <\/span><span style=\"color: #1e5256;\"><a style=\"color: #1e5256;\" href=\"mailto:contato@eqz.adv.br\"><span style=\"font-weight: 400;\">contato@eqz.adv.br<\/span><\/a><\/span><span style=\"font-weight: 400;\"> .<\/span><\/p>\t\t\t\t\t\t\t\t<\/div>\n\t\t\t\t<\/div>\n\t\t\t\t\t<\/div>\n\t\t\t\t<\/div>\n\t\t<div class=\"elementor-element elementor-element-9ab49ff e-flex e-con-boxed e-con e-parent\" data-id=\"9ab49ff\" data-element_type=\"container\">\n\t\t\t\t\t<div class=\"e-con-inner\">\n\t\t<div class=\"elementor-element elementor-element-c04446f e-con-full e-flex e-con e-child\" data-id=\"c04446f\" data-element_type=\"container\">\n\t\t\t\t<div class=\"elementor-element elementor-element-4adbe45 elementor-widget elementor-widget-heading\" data-id=\"4adbe45\" data-element_type=\"widget\" data-widget_type=\"heading.default\">\n\t\t\t\t<div class=\"elementor-widget-container\">\n\t\t\t\t\t<h4 class=\"elementor-heading-title elementor-size-default\">6. Cookies and Browsing Technologies<\/h4>\t\t\t\t<\/div>\n\t\t\t\t<\/div>\n\t\t\t\t<div class=\"elementor-element elementor-element-ace2624 elementor-widget elementor-widget-text-editor\" data-id=\"ace2624\" data-element_type=\"widget\" data-widget_type=\"text-editor.default\">\n\t\t\t\t<div class=\"elementor-widget-container\">\n\t\t\t\t\t\t\t\t\t<p><span style=\"font-weight: 400;\">We use cookies to improve the user experience on the website. Users may disable cookies directly in their browser, being aware that some website functionalities may be affected.<\/span><\/p>\t\t\t\t\t\t\t\t<\/div>\n\t\t\t\t<\/div>\n\t\t\t\t<\/div>\n\t\t\t\t\t<\/div>\n\t\t\t\t<\/div>\n\t\t<div class=\"elementor-element elementor-element-061a804 e-flex e-con-boxed e-con e-parent\" data-id=\"061a804\" data-element_type=\"container\">\n\t\t\t\t\t<div class=\"e-con-inner\">\n\t\t<div class=\"elementor-element elementor-element-c17c9ed e-con-full e-flex e-con e-child\" data-id=\"c17c9ed\" data-element_type=\"container\">\n\t\t\t\t<div class=\"elementor-element elementor-element-5ba15f3 elementor-widget elementor-widget-heading\" data-id=\"5ba15f3\" data-element_type=\"widget\" data-widget_type=\"heading.default\">\n\t\t\t\t<div class=\"elementor-widget-container\">\n\t\t\t\t\t<h4 class=\"elementor-heading-title elementor-size-default\">7. Changes to the Privacy Policy<\/h4>\t\t\t\t<\/div>\n\t\t\t\t<\/div>\n\t\t\t\t<div class=\"elementor-element elementor-element-2fc8ff6 elementor-widget elementor-widget-text-editor\" data-id=\"2fc8ff6\" data-element_type=\"widget\" data-widget_type=\"text-editor.default\">\n\t\t\t\t<div class=\"elementor-widget-container\">\n\t\t\t\t\t\t\t\t\t<p><span style=\"font-weight: 400;\">This Policy may be updated periodically to reflect legal or operational changes. We recommend checking this page regularly.<\/span><\/p>\t\t\t\t\t\t\t\t<\/div>\n\t\t\t\t<\/div>\n\t\t\t\t<\/div>\n\t\t\t\t\t<\/div>\n\t\t\t\t<\/div>\n\t\t<div class=\"elementor-element elementor-element-1ce3d5d e-flex e-con-boxed e-con e-parent\" data-id=\"1ce3d5d\" data-element_type=\"container\">\n\t\t\t\t\t<div class=\"e-con-inner\">\n\t\t<div class=\"elementor-element elementor-element-38f2f01 e-con-full e-flex e-con e-child\" data-id=\"38f2f01\" data-element_type=\"container\">\n\t\t\t\t<div class=\"elementor-element elementor-element-85d2074 elementor-widget elementor-widget-heading\" data-id=\"85d2074\" data-element_type=\"widget\" data-widget_type=\"heading.default\">\n\t\t\t\t<div class=\"elementor-widget-container\">\n\t\t\t\t\t<h4 class=\"elementor-heading-title elementor-size-default\">8. Contact<\/h4>\t\t\t\t<\/div>\n\t\t\t\t<\/div>\n\t\t\t\t<div class=\"elementor-element elementor-element-28b8d32 elementor-widget elementor-widget-text-editor\" data-id=\"28b8d32\" data-element_type=\"widget\" data-widget_type=\"text-editor.default\">\n\t\t\t\t<div class=\"elementor-widget-container\">\n\t\t\t\t\t\t\t\t\t<p><span style=\"font-weight: 400;\">If you have any questions about this Privacy Policy or about the processing of personal data, please contact EQZ Advogados at: <\/span><span style=\"color: #1e5256;\"><a style=\"color: #1e5256;\" href=\"mailto:contato@eqz.adv.br\"><span style=\"font-weight: 400;\">contato@eqz.adv.br<\/span><\/a><\/span><span style=\"font-weight: 400;\"> .<\/span><\/p>\t\t\t\t\t\t\t\t<\/div>\n\t\t\t\t<\/div>\n\t\t\t\t<\/div>\n\t\t\t\t\t<\/div>\n\t\t\t\t<\/div>\n\t\t\t\t<\/div>","protected":false},"excerpt":{"rendered":"<p>Pol\u00edtica de Privacidade \u2013 EQZ Advogados A EQZ Advogados valoriza a privacidade e a prote\u00e7\u00e3o dos dados pessoais de todos os visitantes do nosso site. Esta Pol\u00edtica de Privacidade descreve como coletamos, utilizamos, armazenamos e protegemos as informa\u00e7\u00f5es fornecidas pelos usu\u00e1rios, em conformidade com a Lei Geral de Prote\u00e7\u00e3o de Dados (Lei n\u00ba 13.709\/2018 \u2013 [&hellip;]<\/p>","protected":false},"author":1,"featured_media":0,"parent":0,"menu_order":0,"comment_status":"closed","ping_status":"closed","template":"","meta":{"footnotes":""},"class_list":["post-34824","page","type-page","status-publish","hentry"],"yoast_head":"<!-- This site is optimized with the Yoast SEO Premium plugin v26.4 (Yoast SEO v26.4) - https:\/\/yoast.com\/wordpress\/plugins\/seo\/ -->\n<title>Pol\u00edtica de Privacidade - EQZ<\/title>\n<meta name=\"robots\" content=\"index, follow, max-snippet:-1, max-image-preview:large, max-video-preview:-1\" \/>\n<link rel=\"canonical\" href=\"https:\/\/eqz.adv.br\/en\/politica-de-privacidade\/\" \/>\n<meta property=\"og:locale\" content=\"en_US\" \/>\n<meta property=\"og:type\" content=\"article\" \/>\n<meta property=\"og:title\" content=\"Pol\u00edtica de Privacidade\" \/>\n<meta property=\"og:description\" content=\"Pol\u00edtica de Privacidade \u2013 EQZ Advogados A EQZ Advogados valoriza a privacidade e a prote\u00e7\u00e3o dos dados pessoais de todos os visitantes do nosso site. Esta Pol\u00edtica de Privacidade descreve como coletamos, utilizamos, armazenamos e protegemos as informa\u00e7\u00f5es fornecidas pelos usu\u00e1rios, em conformidade com a Lei Geral de Prote\u00e7\u00e3o de Dados (Lei n\u00ba 13.709\/2018 \u2013 [&hellip;]\" \/>\n<meta property=\"og:url\" content=\"https:\/\/eqz.adv.br\/en\/politica-de-privacidade\/\" \/>\n<meta property=\"og:site_name\" content=\"EQZ\" \/>\n<meta property=\"article:modified_time\" content=\"2025-08-21T14:11:22+00:00\" \/>\n<meta name=\"twitter:card\" content=\"summary_large_image\" \/>\n<meta name=\"twitter:label1\" content=\"Est. reading time\" \/>\n\t<meta name=\"twitter:data1\" content=\"2 minutes\" \/>\n<script type=\"application\/ld+json\" class=\"yoast-schema-graph\">{\"@context\":\"https:\/\/schema.org\",\"@graph\":[{\"@type\":\"WebPage\",\"@id\":\"https:\/\/eqz.adv.br\/politica-de-privacidade\/\",\"url\":\"https:\/\/eqz.adv.br\/politica-de-privacidade\/\",\"name\":\"Pol\u00edtica de Privacidade - EQZ\",\"isPartOf\":{\"@id\":\"https:\/\/eqz.adv.br\/#website\"},\"datePublished\":\"2025-08-21T03:18:06+00:00\",\"dateModified\":\"2025-08-21T14:11:22+00:00\",\"breadcrumb\":{\"@id\":\"https:\/\/eqz.adv.br\/politica-de-privacidade\/#breadcrumb\"},\"inLanguage\":\"en-US\",\"potentialAction\":[{\"@type\":\"ReadAction\",\"target\":[\"https:\/\/eqz.adv.br\/politica-de-privacidade\/\"]}]},{\"@type\":\"BreadcrumbList\",\"@id\":\"https:\/\/eqz.adv.br\/politica-de-privacidade\/#breadcrumb\",\"itemListElement\":[{\"@type\":\"ListItem\",\"position\":1,\"name\":\"In\u00edcio\",\"item\":\"https:\/\/eqz.adv.br\/\"},{\"@type\":\"ListItem\",\"position\":2,\"name\":\"Pol\u00edtica de Privacidade\"}]},{\"@type\":\"WebSite\",\"@id\":\"https:\/\/eqz.adv.br\/#website\",\"url\":\"https:\/\/eqz.adv.br\/\",\"name\":\"EQZ\",\"description\":\"Advogados\",\"publisher\":{\"@id\":\"https:\/\/eqz.adv.br\/#organization\"},\"potentialAction\":[{\"@type\":\"SearchAction\",\"target\":{\"@type\":\"EntryPoint\",\"urlTemplate\":\"https:\/\/eqz.adv.br\/?s={search_term_string}\"},\"query-input\":{\"@type\":\"PropertyValueSpecification\",\"valueRequired\":true,\"valueName\":\"search_term_string\"}}],\"inLanguage\":\"en-US\"},{\"@type\":\"Organization\",\"@id\":\"https:\/\/eqz.adv.br\/#organization\",\"name\":\"EQZ\",\"url\":\"https:\/\/eqz.adv.br\/\",\"logo\":{\"@type\":\"ImageObject\",\"inLanguage\":\"en-US\",\"@id\":\"https:\/\/eqz.adv.br\/#\/schema\/logo\/image\/\",\"url\":\"https:\/\/eqz.adv.br\/wp-content\/uploads\/2024\/02\/logo-EQZ.webp\",\"contentUrl\":\"https:\/\/eqz.adv.br\/wp-content\/uploads\/2024\/02\/logo-EQZ.webp\",\"width\":1277,\"height\":639,\"caption\":\"EQZ\"},\"image\":{\"@id\":\"https:\/\/eqz.adv.br\/#\/schema\/logo\/image\/\"}}]}<\/script>\n<!-- \/ Yoast SEO Premium plugin. -->","yoast_head_json":{"title":"Pol\u00edtica de Privacidade - EQZ","robots":{"index":"index","follow":"follow","max-snippet":"max-snippet:-1","max-image-preview":"max-image-preview:large","max-video-preview":"max-video-preview:-1"},"canonical":"https:\/\/eqz.adv.br\/en\/politica-de-privacidade\/","og_locale":"en_US","og_type":"article","og_title":"Pol\u00edtica de Privacidade","og_description":"Pol\u00edtica de Privacidade \u2013 EQZ Advogados A EQZ Advogados valoriza a privacidade e a prote\u00e7\u00e3o dos dados pessoais de todos os visitantes do nosso site. Esta Pol\u00edtica de Privacidade descreve como coletamos, utilizamos, armazenamos e protegemos as informa\u00e7\u00f5es fornecidas pelos usu\u00e1rios, em conformidade com a Lei Geral de Prote\u00e7\u00e3o de Dados (Lei n\u00ba 13.709\/2018 \u2013 [&hellip;]","og_url":"https:\/\/eqz.adv.br\/en\/politica-de-privacidade\/","og_site_name":"EQZ","article_modified_time":"2025-08-21T14:11:22+00:00","twitter_card":"summary_large_image","twitter_misc":{"Est. reading time":"2 minutes"},"schema":{"@context":"https:\/\/schema.org","@graph":[{"@type":"WebPage","@id":"https:\/\/eqz.adv.br\/politica-de-privacidade\/","url":"https:\/\/eqz.adv.br\/politica-de-privacidade\/","name":"Pol\u00edtica de Privacidade - EQZ","isPartOf":{"@id":"https:\/\/eqz.adv.br\/#website"},"datePublished":"2025-08-21T03:18:06+00:00","dateModified":"2025-08-21T14:11:22+00:00","breadcrumb":{"@id":"https:\/\/eqz.adv.br\/politica-de-privacidade\/#breadcrumb"},"inLanguage":"en-US","potentialAction":[{"@type":"ReadAction","target":["https:\/\/eqz.adv.br\/politica-de-privacidade\/"]}]},{"@type":"BreadcrumbList","@id":"https:\/\/eqz.adv.br\/politica-de-privacidade\/#breadcrumb","itemListElement":[{"@type":"ListItem","position":1,"name":"In\u00edcio","item":"https:\/\/eqz.adv.br\/"},{"@type":"ListItem","position":2,"name":"Pol\u00edtica de Privacidade"}]},{"@type":"WebSite","@id":"https:\/\/eqz.adv.br\/#website","url":"https:\/\/eqz.adv.br\/","name":"EQZ","description":"Advogados","publisher":{"@id":"https:\/\/eqz.adv.br\/#organization"},"potentialAction":[{"@type":"SearchAction","target":{"@type":"EntryPoint","urlTemplate":"https:\/\/eqz.adv.br\/?s={search_term_string}"},"query-input":{"@type":"PropertyValueSpecification","valueRequired":true,"valueName":"search_term_string"}}],"inLanguage":"en-US"},{"@type":"Organization","@id":"https:\/\/eqz.adv.br\/#organization","name":"EQZ","url":"https:\/\/eqz.adv.br\/","logo":{"@type":"ImageObject","inLanguage":"en-US","@id":"https:\/\/eqz.adv.br\/#\/schema\/logo\/image\/","url":"https:\/\/eqz.adv.br\/wp-content\/uploads\/2024\/02\/logo-EQZ.webp","contentUrl":"https:\/\/eqz.adv.br\/wp-content\/uploads\/2024\/02\/logo-EQZ.webp","width":1277,"height":639,"caption":"EQZ"},"image":{"@id":"https:\/\/eqz.adv.br\/#\/schema\/logo\/image\/"}}]}},"_links":{"self":[{"href":"https:\/\/eqz.adv.br\/en\/wp-json\/wp\/v2\/pages\/34824","targetHints":{"allow":["GET"]}}],"collection":[{"href":"https:\/\/eqz.adv.br\/en\/wp-json\/wp\/v2\/pages"}],"about":[{"href":"https:\/\/eqz.adv.br\/en\/wp-json\/wp\/v2\/types\/page"}],"author":[{"embeddable":true,"href":"https:\/\/eqz.adv.br\/en\/wp-json\/wp\/v2\/users\/1"}],"replies":[{"embeddable":true,"href":"https:\/\/eqz.adv.br\/en\/wp-json\/wp\/v2\/comments?post=34824"}],"version-history":[{"count":40,"href":"https:\/\/eqz.adv.br\/en\/wp-json\/wp\/v2\/pages\/34824\/revisions"}],"predecessor-version":[{"id":34906,"href":"https:\/\/eqz.adv.br\/en\/wp-json\/wp\/v2\/pages\/34824\/revisions\/34906"}],"wp:attachment":[{"href":"https:\/\/eqz.adv.br\/en\/wp-json\/wp\/v2\/media?parent=34824"}],"curies":[{"name":"wp","href":"https:\/\/api.w.org\/{rel}","templated":true}]}}