{"id":33389,"date":"2024-04-08T11:29:51","date_gmt":"2024-04-08T14:29:51","guid":{"rendered":"https:\/\/eqz.adv.br\/?page_id=33389"},"modified":"2025-08-29T18:08:51","modified_gmt":"2025-08-29T21:08:51","slug":"ananda-lima-cabral","status":"publish","type":"page","link":"https:\/\/eqz.adv.br\/en\/advogados\/ananda-lima-cabral\/","title":{"rendered":"Ananda Lima Cabral"},"content":{"rendered":"<div data-elementor-type=\"wp-page\" data-elementor-id=\"33389\" class=\"elementor elementor-33389\" data-elementor-post-type=\"page\">\n\t\t\t\t\t\t<section class=\"elementor-section elementor-top-section elementor-element elementor-element-3b7c4093 elementor-section-full_width elementor-section-height-default elementor-section-height-default\" data-id=\"3b7c4093\" data-element_type=\"section\" data-settings=\"{&quot;background_background&quot;:&quot;classic&quot;}\">\n\t\t\t\t\t\t\t<div class=\"elementor-background-overlay\"><\/div>\n\t\t\t\t\t\t\t<div class=\"elementor-container elementor-column-gap-default\">\n\t\t\t\t\t<div class=\"elementor-column elementor-col-100 elementor-top-column elementor-element elementor-element-4352df83\" data-id=\"4352df83\" data-element_type=\"column\" data-settings=\"{&quot;background_background&quot;:&quot;classic&quot;}\">\n\t\t\t<div class=\"elementor-widget-wrap elementor-element-populated\">\n\t\t\t\t\t<div class=\"elementor-background-overlay\"><\/div>\n\t\t\t\t\t\t<section class=\"elementor-section elementor-inner-section elementor-element elementor-element-2218d1a elementor-section-boxed elementor-section-height-default elementor-section-height-default\" data-id=\"2218d1a\" data-element_type=\"section\">\n\t\t\t\t\t\t<div class=\"elementor-container elementor-column-gap-default\">\n\t\t\t\t\t<div class=\"elementor-column elementor-col-100 elementor-inner-column elementor-element elementor-element-6b520ced\" data-id=\"6b520ced\" data-element_type=\"column\">\n\t\t\t<div class=\"elementor-widget-wrap elementor-element-populated\">\n\t\t\t\t\t\t<div class=\"elementor-element elementor-element-42c942a5 elementor-widget-tablet__width-inherit elementor-widget elementor-widget-heading\" data-id=\"42c942a5\" data-element_type=\"widget\" data-widget_type=\"heading.default\">\n\t\t\t\t<div class=\"elementor-widget-container\">\n\t\t\t\t\t<h1 class=\"elementor-heading-title elementor-size-default\">Ananda Lima Cabral\n<\/h1>\t\t\t\t<\/div>\n\t\t\t\t<\/div>\n\t\t\t\t\t<\/div>\n\t\t<\/div>\n\t\t\t\t\t<\/div>\n\t\t<\/section>\n\t\t\t\t\t<\/div>\n\t\t<\/div>\n\t\t\t\t\t<\/div>\n\t\t<\/section>\n\t\t\t\t<section class=\"elementor-section elementor-top-section elementor-element elementor-element-2b26b8b0 elementor-section-boxed elementor-section-height-default elementor-section-height-default\" data-id=\"2b26b8b0\" data-element_type=\"section\">\n\t\t\t\t\t\t<div class=\"elementor-container elementor-column-gap-default\">\n\t\t\t\t\t<div class=\"elementor-column elementor-col-50 elementor-top-column elementor-element elementor-element-502cb096\" data-id=\"502cb096\" data-element_type=\"column\">\n\t\t\t<div class=\"elementor-widget-wrap elementor-element-populated\">\n\t\t\t\t\t\t<section class=\"elementor-section elementor-inner-section elementor-element elementor-element-2e5163c6 elementor-section-full_width elementor-section-height-default elementor-section-height-default\" data-id=\"2e5163c6\" data-element_type=\"section\" data-settings=\"{&quot;background_background&quot;:&quot;classic&quot;}\">\n\t\t\t\t\t\t<div class=\"elementor-container elementor-column-gap-default\">\n\t\t\t\t\t<div class=\"elementor-column elementor-col-100 elementor-inner-column elementor-element elementor-element-160d7d6a\" data-id=\"160d7d6a\" data-element_type=\"column\" data-settings=\"{&quot;background_background&quot;:&quot;classic&quot;}\">\n\t\t\t<div class=\"elementor-widget-wrap elementor-element-populated\">\n\t\t\t\t\t\t<div class=\"elementor-element elementor-element-6ceae2f9 elementor-widget elementor-widget-image\" data-id=\"6ceae2f9\" data-element_type=\"widget\" data-widget_type=\"image.default\">\n\t\t\t\t<div class=\"elementor-widget-container\">\n\t\t\t\t\t\t\t\t\t\t\t\t\t\t\t<img fetchpriority=\"high\" decoding=\"async\" width=\"350\" height=\"500\" src=\"https:\/\/eqz.adv.br\/wp-content\/uploads\/2024\/06\/Design-sem-nome-6.jpg\" class=\"attachment-full size-full wp-image-33639\" alt=\"\" srcset=\"https:\/\/eqz.adv.br\/wp-content\/uploads\/2024\/06\/Design-sem-nome-6.jpg 350w, https:\/\/eqz.adv.br\/wp-content\/uploads\/2024\/06\/Design-sem-nome-6-210x300.jpg 210w\" sizes=\"(max-width: 350px) 100vw, 350px\" \/>\t\t\t\t\t\t\t\t\t\t\t\t\t\t\t<\/div>\n\t\t\t\t<\/div>\n\t\t\t\t<div class=\"elementor-element elementor-element-c7876ba elementor-widget elementor-widget-text-editor\" data-id=\"c7876ba\" data-element_type=\"widget\" data-widget_type=\"text-editor.default\">\n\t\t\t\t<div class=\"elementor-widget-container\">\n\t\t\t\t\t\t\t\t\t<p><strong>E-mail:<\/strong> ananda@eqz.adv.br<br \/><strong>Phone<\/strong> +55 (11) 3053-6910<\/p>\t\t\t\t\t\t\t\t<\/div>\n\t\t\t\t<\/div>\n\t\t\t\t\t<\/div>\n\t\t<\/div>\n\t\t\t\t\t<\/div>\n\t\t<\/section>\n\t\t\t\t\t<\/div>\n\t\t<\/div>\n\t\t\t\t<div class=\"elementor-column elementor-col-50 elementor-top-column elementor-element elementor-element-509ea1bb\" data-id=\"509ea1bb\" data-element_type=\"column\">\n\t\t\t<div class=\"elementor-widget-wrap elementor-element-populated\">\n\t\t\t\t\t\t<div class=\"elementor-element elementor-element-779ecb9 elementor-widget elementor-widget-heading\" data-id=\"779ecb9\" data-element_type=\"widget\" data-widget_type=\"heading.default\">\n\t\t\t\t<div class=\"elementor-widget-container\">\n\t\t\t\t\t<h4 class=\"elementor-heading-title elementor-size-default\">About Ananda Lima Cabral<\/h4>\t\t\t\t<\/div>\n\t\t\t\t<\/div>\n\t\t\t\t<div class=\"elementor-element elementor-element-79c678c1 elementor-widget__width-auto elementor-widget-divider--view-line elementor-widget elementor-widget-divider\" data-id=\"79c678c1\" data-element_type=\"widget\" data-widget_type=\"divider.default\">\n\t\t\t\t<div class=\"elementor-widget-container\">\n\t\t\t\t\t\t\t<div class=\"elementor-divider\">\n\t\t\t<span class=\"elementor-divider-separator\">\n\t\t\t\t\t\t<\/span>\n\t\t<\/div>\n\t\t\t\t\t\t<\/div>\n\t\t\t\t<\/div>\n\t\t\t\t<div class=\"elementor-element elementor-element-737d3265 elementor-widget elementor-widget-text-editor\" data-id=\"737d3265\" data-element_type=\"widget\" data-widget_type=\"text-editor.default\">\n\t\t\t\t<div class=\"elementor-widget-container\">\n\t\t\t\t\t\t\t\t\t<p><span style=\"font-weight: 400;\">Ananda Lima Cabral is an attorney with a solid academic background and a strong commitment to legal excellence.<\/span><\/p>\t\t\t\t\t\t\t\t<\/div>\n\t\t\t\t<\/div>\n\t\t\t\t<div class=\"elementor-element elementor-element-471496bc elementor-widget elementor-widget-heading\" data-id=\"471496bc\" data-element_type=\"widget\" data-widget_type=\"heading.default\">\n\t\t\t\t<div class=\"elementor-widget-container\">\n\t\t\t\t\t<h4 class=\"elementor-heading-title elementor-size-default\">Academic Background<\/h4>\t\t\t\t<\/div>\n\t\t\t\t<\/div>\n\t\t\t\t<div class=\"elementor-element elementor-element-38d9759 elementor-widget__width-auto elementor-widget-divider--view-line elementor-widget elementor-widget-divider\" data-id=\"38d9759\" data-element_type=\"widget\" data-widget_type=\"divider.default\">\n\t\t\t\t<div class=\"elementor-widget-container\">\n\t\t\t\t\t\t\t<div class=\"elementor-divider\">\n\t\t\t<span class=\"elementor-divider-separator\">\n\t\t\t\t\t\t<\/span>\n\t\t<\/div>\n\t\t\t\t\t\t<\/div>\n\t\t\t\t<\/div>\n\t\t\t\t<div class=\"elementor-element elementor-element-1f28174 elementor-icon-list--layout-traditional elementor-list-item-link-full_width elementor-widget elementor-widget-icon-list\" data-id=\"1f28174\" data-element_type=\"widget\" data-widget_type=\"icon-list.default\">\n\t\t\t\t<div class=\"elementor-widget-container\">\n\t\t\t\t\t\t\t<ul class=\"elementor-icon-list-items\">\n\t\t\t\t\t\t\t<li class=\"elementor-icon-list-item\">\n\t\t\t\t\t\t\t\t\t\t\t<span class=\"elementor-icon-list-icon\">\n\t\t\t\t\t\t\t<svg aria-hidden=\"true\" class=\"e-font-icon-svg e-fas-arrow-right\" viewbox=\"0 0 448 512\" xmlns=\"http:\/\/www.w3.org\/2000\/svg\"><path d=\"M190.5 66.9l22.2-22.2c9.4-9.4 24.6-9.4 33.9 0L441 239c9.4 9.4 9.4 24.6 0 33.9L246.6 467.3c-9.4 9.4-24.6 9.4-33.9 0l-22.2-22.2c-9.5-9.5-9.3-25 .4-34.3L311.4 296H24c-13.3 0-24-10.7-24-24v-32c0-13.3 10.7-24 24-24h287.4L190.9 101.2c-9.8-9.3-10-24.8-.4-34.3z\"><\/path><\/svg>\t\t\t\t\t\t<\/span>\n\t\t\t\t\t\t\t\t\t\t<span class=\"elementor-icon-list-text\">Postgraduate in Economic Criminal Law \u2013 Funda\u00e7\u00e3o Get\u00falio Vargas (FGVLAW), 2023.<\/span>\n\t\t\t\t\t\t\t\t\t<\/li>\n\t\t\t\t\t\t\t\t<li class=\"elementor-icon-list-item\">\n\t\t\t\t\t\t\t\t\t\t\t<span class=\"elementor-icon-list-icon\">\n\t\t\t\t\t\t\t<svg aria-hidden=\"true\" class=\"e-font-icon-svg e-fas-arrow-right\" viewbox=\"0 0 448 512\" xmlns=\"http:\/\/www.w3.org\/2000\/svg\"><path d=\"M190.5 66.9l22.2-22.2c9.4-9.4 24.6-9.4 33.9 0L441 239c9.4 9.4 9.4 24.6 0 33.9L246.6 467.3c-9.4 9.4-24.6 9.4-33.9 0l-22.2-22.2c-9.5-9.5-9.3-25 .4-34.3L311.4 296H24c-13.3 0-24-10.7-24-24v-32c0-13.3 10.7-24 24-24h287.4L190.9 101.2c-9.8-9.3-10-24.8-.4-34.3z\"><\/path><\/svg>\t\t\t\t\t\t<\/span>\n\t\t\t\t\t\t\t\t\t\t<span class=\"elementor-icon-list-text\">Postgraduate in Economic Criminal Law \u2013 University of Coimbra and IBCCRIM, 2020.<\/span>\n\t\t\t\t\t\t\t\t\t<\/li>\n\t\t\t\t\t\t\t\t<li class=\"elementor-icon-list-item\">\n\t\t\t\t\t\t\t\t\t\t\t<span class=\"elementor-icon-list-icon\">\n\t\t\t\t\t\t\t<svg aria-hidden=\"true\" class=\"e-font-icon-svg e-fas-arrow-right\" viewbox=\"0 0 448 512\" xmlns=\"http:\/\/www.w3.org\/2000\/svg\"><path d=\"M190.5 66.9l22.2-22.2c9.4-9.4 24.6-9.4 33.9 0L441 239c9.4 9.4 9.4 24.6 0 33.9L246.6 467.3c-9.4 9.4-24.6 9.4-33.9 0l-22.2-22.2c-9.5-9.5-9.3-25 .4-34.3L311.4 296H24c-13.3 0-24-10.7-24-24v-32c0-13.3 10.7-24 24-24h287.4L190.9 101.2c-9.8-9.3-10-24.8-.4-34.3z\"><\/path><\/svg>\t\t\t\t\t\t<\/span>\n\t\t\t\t\t\t\t\t\t\t<span class=\"elementor-icon-list-text\">Law Degree \u2013 Faculdades Metropolitanas Unidas (FMU), 2019.<\/span>\n\t\t\t\t\t\t\t\t\t<\/li>\n\t\t\t\t\t\t<\/ul>\n\t\t\t\t\t\t<\/div>\n\t\t\t\t<\/div>\n\t\t\t\t<div class=\"elementor-element elementor-element-1428dbd elementor-widget elementor-widget-heading\" data-id=\"1428dbd\" data-element_type=\"widget\" data-widget_type=\"heading.default\">\n\t\t\t\t<div class=\"elementor-widget-container\">\n\t\t\t\t\t<h4 class=\"elementor-heading-title elementor-size-default\">Professional Experience<\/h4>\t\t\t\t<\/div>\n\t\t\t\t<\/div>\n\t\t\t\t<div class=\"elementor-element elementor-element-399faa4 elementor-widget__width-auto elementor-widget-divider--view-line elementor-widget elementor-widget-divider\" data-id=\"399faa4\" data-element_type=\"widget\" data-widget_type=\"divider.default\">\n\t\t\t\t<div class=\"elementor-widget-container\">\n\t\t\t\t\t\t\t<div class=\"elementor-divider\">\n\t\t\t<span class=\"elementor-divider-separator\">\n\t\t\t\t\t\t<\/span>\n\t\t<\/div>\n\t\t\t\t\t\t<\/div>\n\t\t\t\t<\/div>\n\t\t\t\t<div class=\"elementor-element elementor-element-d1d5b7d elementor-icon-list--layout-traditional elementor-list-item-link-full_width elementor-widget elementor-widget-icon-list\" data-id=\"d1d5b7d\" data-element_type=\"widget\" data-widget_type=\"icon-list.default\">\n\t\t\t\t<div class=\"elementor-widget-container\">\n\t\t\t\t\t\t\t<ul class=\"elementor-icon-list-items\">\n\t\t\t\t\t\t\t<li class=\"elementor-icon-list-item\">\n\t\t\t\t\t\t\t\t\t\t\t<span class=\"elementor-icon-list-icon\">\n\t\t\t\t\t\t\t<svg aria-hidden=\"true\" class=\"e-font-icon-svg e-fas-arrow-right\" viewbox=\"0 0 448 512\" xmlns=\"http:\/\/www.w3.org\/2000\/svg\"><path d=\"M190.5 66.9l22.2-22.2c9.4-9.4 24.6-9.4 33.9 0L441 239c9.4 9.4 9.4 24.6 0 33.9L246.6 467.3c-9.4 9.4-24.6 9.4-33.9 0l-22.2-22.2c-9.5-9.5-9.3-25 .4-34.3L311.4 296H24c-13.3 0-24-10.7-24-24v-32c0-13.3 10.7-24 24-24h287.4L190.9 101.2c-9.8-9.3-10-24.8-.4-34.3z\"><\/path><\/svg>\t\t\t\t\t\t<\/span>\n\t\t\t\t\t\t\t\t\t\t<span class=\"elementor-icon-list-text\">Admitted to the Brazilian Bar Association (OAB\/SP), Registration No. 444.369.<\/span>\n\t\t\t\t\t\t\t\t\t<\/li>\n\t\t\t\t\t\t<\/ul>\n\t\t\t\t\t\t<\/div>\n\t\t\t\t<\/div>\n\t\t\t\t<div class=\"elementor-element elementor-element-5f0d895 elementor-widget elementor-widget-heading\" data-id=\"5f0d895\" data-element_type=\"widget\" data-widget_type=\"heading.default\">\n\t\t\t\t<div class=\"elementor-widget-container\">\n\t\t\t\t\t<h4 class=\"elementor-heading-title elementor-size-default\">Languages:<\/h4>\t\t\t\t<\/div>\n\t\t\t\t<\/div>\n\t\t\t\t<div class=\"elementor-element elementor-element-a2a9574 elementor-widget__width-auto elementor-widget-divider--view-line elementor-widget elementor-widget-divider\" data-id=\"a2a9574\" data-element_type=\"widget\" data-widget_type=\"divider.default\">\n\t\t\t\t<div class=\"elementor-widget-container\">\n\t\t\t\t\t\t\t<div class=\"elementor-divider\">\n\t\t\t<span class=\"elementor-divider-separator\">\n\t\t\t\t\t\t<\/span>\n\t\t<\/div>\n\t\t\t\t\t\t<\/div>\n\t\t\t\t<\/div>\n\t\t\t\t<div class=\"elementor-element elementor-element-60f73f6 elementor-icon-list--layout-traditional elementor-list-item-link-full_width elementor-widget elementor-widget-icon-list\" data-id=\"60f73f6\" data-element_type=\"widget\" data-widget_type=\"icon-list.default\">\n\t\t\t\t<div class=\"elementor-widget-container\">\n\t\t\t\t\t\t\t<ul class=\"elementor-icon-list-items\">\n\t\t\t\t\t\t\t<li class=\"elementor-icon-list-item\">\n\t\t\t\t\t\t\t\t\t\t\t<span class=\"elementor-icon-list-icon\">\n\t\t\t\t\t\t\t<svg aria-hidden=\"true\" class=\"e-font-icon-svg e-fas-arrow-right\" viewbox=\"0 0 448 512\" xmlns=\"http:\/\/www.w3.org\/2000\/svg\"><path d=\"M190.5 66.9l22.2-22.2c9.4-9.4 24.6-9.4 33.9 0L441 239c9.4 9.4 9.4 24.6 0 33.9L246.6 467.3c-9.4 9.4-24.6 9.4-33.9 0l-22.2-22.2c-9.5-9.5-9.3-25 .4-34.3L311.4 296H24c-13.3 0-24-10.7-24-24v-32c0-13.3 10.7-24 24-24h287.4L190.9 101.2c-9.8-9.3-10-24.8-.4-34.3z\"><\/path><\/svg>\t\t\t\t\t\t<\/span>\n\t\t\t\t\t\t\t\t\t\t<span class=\"elementor-icon-list-text\">Ananda is fluent in Portuguese, English, and Spanish.<\/span>\n\t\t\t\t\t\t\t\t\t<\/li>\n\t\t\t\t\t\t<\/ul>\n\t\t\t\t\t\t<\/div>\n\t\t\t\t<\/div>\n\t\t\t\t\t<\/div>\n\t\t<\/div>\n\t\t\t\t\t<\/div>\n\t\t<\/section>\n\t\t\t\t<\/div>","protected":false},"excerpt":{"rendered":"<p>Ananda Lima Cabral E-mail: ananda@eqz.adv.brTelefone: +55 (11) 3053-6910 Sobre Ananda Lima Cabral Ananda Lima Cabral \u00e9 uma advogada com uma s\u00f3lida forma\u00e7\u00e3o e um forte compromisso com a excel\u00eancia jur\u00eddica. Forma\u00e7\u00e3o Acad\u00eamica P\u00f3s-Graduada em Direito Penal Econ\u00f4mico pela Funda\u00e7\u00e3o Get\u00falio Vargas \u2013 FGVLAW, em 2023. P\u00f3s-Graduada em Direito Penal Econ\u00f4mico pela Universidade de Coimbra e [&hellip;]<\/p>","protected":false},"author":1,"featured_media":0,"parent":33335,"menu_order":0,"comment_status":"closed","ping_status":"closed","template":"","meta":{"footnotes":""},"class_list":["post-33389","page","type-page","status-publish","hentry"],"yoast_head":"<!-- This site is optimized with the Yoast SEO Premium plugin v26.4 (Yoast SEO v26.4) - https:\/\/yoast.com\/wordpress\/plugins\/seo\/ -->\n<title>Ananda Lima Cabral - EQZ<\/title>\n<meta name=\"robots\" content=\"index, follow, max-snippet:-1, max-image-preview:large, max-video-preview:-1\" \/>\n<link rel=\"canonical\" href=\"https:\/\/eqz.adv.br\/en\/advogados\/ananda-lima-cabral\/\" \/>\n<meta property=\"og:locale\" content=\"en_US\" \/>\n<meta property=\"og:type\" content=\"article\" \/>\n<meta property=\"og:title\" content=\"Ananda Lima Cabral\" \/>\n<meta property=\"og:description\" content=\"Ananda Lima Cabral E-mail: ananda@eqz.adv.brTelefone: +55 (11) 3053-6910 Sobre Ananda Lima Cabral Ananda Lima Cabral \u00e9 uma advogada com uma s\u00f3lida forma\u00e7\u00e3o e um forte compromisso com a excel\u00eancia jur\u00eddica. Forma\u00e7\u00e3o Acad\u00eamica P\u00f3s-Graduada em Direito Penal Econ\u00f4mico pela Funda\u00e7\u00e3o Get\u00falio Vargas \u2013 FGVLAW, em 2023. P\u00f3s-Graduada em Direito Penal Econ\u00f4mico pela Universidade de Coimbra e [&hellip;]\" \/>\n<meta property=\"og:url\" content=\"https:\/\/eqz.adv.br\/en\/advogados\/ananda-lima-cabral\/\" \/>\n<meta property=\"og:site_name\" content=\"EQZ\" \/>\n<meta property=\"article:modified_time\" content=\"2025-08-29T21:08:51+00:00\" \/>\n<meta property=\"og:image\" content=\"https:\/\/eqz.adv.br\/wp-content\/uploads\/2024\/06\/Design-sem-nome-6.jpg\" \/>\n\t<meta property=\"og:image:width\" content=\"350\" \/>\n\t<meta property=\"og:image:height\" content=\"500\" \/>\n\t<meta property=\"og:image:type\" content=\"image\/jpeg\" \/>\n<meta name=\"twitter:card\" content=\"summary_large_image\" \/>\n<script type=\"application\/ld+json\" class=\"yoast-schema-graph\">{\"@context\":\"https:\/\/schema.org\",\"@graph\":[{\"@type\":\"WebPage\",\"@id\":\"https:\/\/eqz.adv.br\/advogados\/ananda-lima-cabral\/\",\"url\":\"https:\/\/eqz.adv.br\/advogados\/ananda-lima-cabral\/\",\"name\":\"Ananda Lima Cabral - EQZ\",\"isPartOf\":{\"@id\":\"https:\/\/eqz.adv.br\/#website\"},\"primaryImageOfPage\":{\"@id\":\"https:\/\/eqz.adv.br\/advogados\/ananda-lima-cabral\/#primaryimage\"},\"image\":{\"@id\":\"https:\/\/eqz.adv.br\/advogados\/ananda-lima-cabral\/#primaryimage\"},\"thumbnailUrl\":\"https:\/\/eqz.adv.br\/wp-content\/uploads\/2024\/06\/Design-sem-nome-6.jpg\",\"datePublished\":\"2024-04-08T14:29:51+00:00\",\"dateModified\":\"2025-08-29T21:08:51+00:00\",\"breadcrumb\":{\"@id\":\"https:\/\/eqz.adv.br\/advogados\/ananda-lima-cabral\/#breadcrumb\"},\"inLanguage\":\"en-US\",\"potentialAction\":[{\"@type\":\"ReadAction\",\"target\":[\"https:\/\/eqz.adv.br\/advogados\/ananda-lima-cabral\/\"]}]},{\"@type\":\"ImageObject\",\"inLanguage\":\"en-US\",\"@id\":\"https:\/\/eqz.adv.br\/advogados\/ananda-lima-cabral\/#primaryimage\",\"url\":\"https:\/\/eqz.adv.br\/wp-content\/uploads\/2024\/06\/Design-sem-nome-6.jpg\",\"contentUrl\":\"https:\/\/eqz.adv.br\/wp-content\/uploads\/2024\/06\/Design-sem-nome-6.jpg\"},{\"@type\":\"BreadcrumbList\",\"@id\":\"https:\/\/eqz.adv.br\/advogados\/ananda-lima-cabral\/#breadcrumb\",\"itemListElement\":[{\"@type\":\"ListItem\",\"position\":1,\"name\":\"In\u00edcio\",\"item\":\"https:\/\/eqz.adv.br\/\"},{\"@type\":\"ListItem\",\"position\":2,\"name\":\"Advogados\",\"item\":\"https:\/\/eqz.adv.br\/advogados\/\"},{\"@type\":\"ListItem\",\"position\":3,\"name\":\"Ananda Lima Cabral\"}]},{\"@type\":\"WebSite\",\"@id\":\"https:\/\/eqz.adv.br\/#website\",\"url\":\"https:\/\/eqz.adv.br\/\",\"name\":\"EQZ\",\"description\":\"Advogados\",\"publisher\":{\"@id\":\"https:\/\/eqz.adv.br\/#organization\"},\"potentialAction\":[{\"@type\":\"SearchAction\",\"target\":{\"@type\":\"EntryPoint\",\"urlTemplate\":\"https:\/\/eqz.adv.br\/?s={search_term_string}\"},\"query-input\":{\"@type\":\"PropertyValueSpecification\",\"valueRequired\":true,\"valueName\":\"search_term_string\"}}],\"inLanguage\":\"en-US\"},{\"@type\":\"Organization\",\"@id\":\"https:\/\/eqz.adv.br\/#organization\",\"name\":\"EQZ\",\"url\":\"https:\/\/eqz.adv.br\/\",\"logo\":{\"@type\":\"ImageObject\",\"inLanguage\":\"en-US\",\"@id\":\"https:\/\/eqz.adv.br\/#\/schema\/logo\/image\/\",\"url\":\"https:\/\/eqz.adv.br\/wp-content\/uploads\/2024\/02\/logo-EQZ.webp\",\"contentUrl\":\"https:\/\/eqz.adv.br\/wp-content\/uploads\/2024\/02\/logo-EQZ.webp\",\"width\":1277,\"height\":639,\"caption\":\"EQZ\"},\"image\":{\"@id\":\"https:\/\/eqz.adv.br\/#\/schema\/logo\/image\/\"}}]}<\/script>\n<!-- \/ Yoast SEO Premium plugin. -->","yoast_head_json":{"title":"Ananda Lima Cabral - EQZ","robots":{"index":"index","follow":"follow","max-snippet":"max-snippet:-1","max-image-preview":"max-image-preview:large","max-video-preview":"max-video-preview:-1"},"canonical":"https:\/\/eqz.adv.br\/en\/advogados\/ananda-lima-cabral\/","og_locale":"en_US","og_type":"article","og_title":"Ananda Lima Cabral","og_description":"Ananda Lima Cabral E-mail: ananda@eqz.adv.brTelefone: +55 (11) 3053-6910 Sobre Ananda Lima Cabral Ananda Lima Cabral \u00e9 uma advogada com uma s\u00f3lida forma\u00e7\u00e3o e um forte compromisso com a excel\u00eancia jur\u00eddica. Forma\u00e7\u00e3o Acad\u00eamica P\u00f3s-Graduada em Direito Penal Econ\u00f4mico pela Funda\u00e7\u00e3o Get\u00falio Vargas \u2013 FGVLAW, em 2023. P\u00f3s-Graduada em Direito Penal Econ\u00f4mico pela Universidade de Coimbra e [&hellip;]","og_url":"https:\/\/eqz.adv.br\/en\/advogados\/ananda-lima-cabral\/","og_site_name":"EQZ","article_modified_time":"2025-08-29T21:08:51+00:00","og_image":[{"width":350,"height":500,"url":"https:\/\/eqz.adv.br\/wp-content\/uploads\/2024\/06\/Design-sem-nome-6.jpg","type":"image\/jpeg"}],"twitter_card":"summary_large_image","schema":{"@context":"https:\/\/schema.org","@graph":[{"@type":"WebPage","@id":"https:\/\/eqz.adv.br\/advogados\/ananda-lima-cabral\/","url":"https:\/\/eqz.adv.br\/advogados\/ananda-lima-cabral\/","name":"Ananda Lima Cabral - EQZ","isPartOf":{"@id":"https:\/\/eqz.adv.br\/#website"},"primaryImageOfPage":{"@id":"https:\/\/eqz.adv.br\/advogados\/ananda-lima-cabral\/#primaryimage"},"image":{"@id":"https:\/\/eqz.adv.br\/advogados\/ananda-lima-cabral\/#primaryimage"},"thumbnailUrl":"https:\/\/eqz.adv.br\/wp-content\/uploads\/2024\/06\/Design-sem-nome-6.jpg","datePublished":"2024-04-08T14:29:51+00:00","dateModified":"2025-08-29T21:08:51+00:00","breadcrumb":{"@id":"https:\/\/eqz.adv.br\/advogados\/ananda-lima-cabral\/#breadcrumb"},"inLanguage":"en-US","potentialAction":[{"@type":"ReadAction","target":["https:\/\/eqz.adv.br\/advogados\/ananda-lima-cabral\/"]}]},{"@type":"ImageObject","inLanguage":"en-US","@id":"https:\/\/eqz.adv.br\/advogados\/ananda-lima-cabral\/#primaryimage","url":"https:\/\/eqz.adv.br\/wp-content\/uploads\/2024\/06\/Design-sem-nome-6.jpg","contentUrl":"https:\/\/eqz.adv.br\/wp-content\/uploads\/2024\/06\/Design-sem-nome-6.jpg"},{"@type":"BreadcrumbList","@id":"https:\/\/eqz.adv.br\/advogados\/ananda-lima-cabral\/#breadcrumb","itemListElement":[{"@type":"ListItem","position":1,"name":"In\u00edcio","item":"https:\/\/eqz.adv.br\/"},{"@type":"ListItem","position":2,"name":"Advogados","item":"https:\/\/eqz.adv.br\/advogados\/"},{"@type":"ListItem","position":3,"name":"Ananda Lima Cabral"}]},{"@type":"WebSite","@id":"https:\/\/eqz.adv.br\/#website","url":"https:\/\/eqz.adv.br\/","name":"EQZ","description":"Advogados","publisher":{"@id":"https:\/\/eqz.adv.br\/#organization"},"potentialAction":[{"@type":"SearchAction","target":{"@type":"EntryPoint","urlTemplate":"https:\/\/eqz.adv.br\/?s={search_term_string}"},"query-input":{"@type":"PropertyValueSpecification","valueRequired":true,"valueName":"search_term_string"}}],"inLanguage":"en-US"},{"@type":"Organization","@id":"https:\/\/eqz.adv.br\/#organization","name":"EQZ","url":"https:\/\/eqz.adv.br\/","logo":{"@type":"ImageObject","inLanguage":"en-US","@id":"https:\/\/eqz.adv.br\/#\/schema\/logo\/image\/","url":"https:\/\/eqz.adv.br\/wp-content\/uploads\/2024\/02\/logo-EQZ.webp","contentUrl":"https:\/\/eqz.adv.br\/wp-content\/uploads\/2024\/02\/logo-EQZ.webp","width":1277,"height":639,"caption":"EQZ"},"image":{"@id":"https:\/\/eqz.adv.br\/#\/schema\/logo\/image\/"}}]}},"_links":{"self":[{"href":"https:\/\/eqz.adv.br\/en\/wp-json\/wp\/v2\/pages\/33389","targetHints":{"allow":["GET"]}}],"collection":[{"href":"https:\/\/eqz.adv.br\/en\/wp-json\/wp\/v2\/pages"}],"about":[{"href":"https:\/\/eqz.adv.br\/en\/wp-json\/wp\/v2\/types\/page"}],"author":[{"embeddable":true,"href":"https:\/\/eqz.adv.br\/en\/wp-json\/wp\/v2\/users\/1"}],"replies":[{"embeddable":true,"href":"https:\/\/eqz.adv.br\/en\/wp-json\/wp\/v2\/comments?post=33389"}],"version-history":[{"count":28,"href":"https:\/\/eqz.adv.br\/en\/wp-json\/wp\/v2\/pages\/33389\/revisions"}],"predecessor-version":[{"id":34975,"href":"https:\/\/eqz.adv.br\/en\/wp-json\/wp\/v2\/pages\/33389\/revisions\/34975"}],"up":[{"embeddable":true,"href":"https:\/\/eqz.adv.br\/en\/wp-json\/wp\/v2\/pages\/33335"}],"wp:attachment":[{"href":"https:\/\/eqz.adv.br\/en\/wp-json\/wp\/v2\/media?parent=33389"}],"curies":[{"name":"wp","href":"https:\/\/api.w.org\/{rel}","templated":true}]}}