{"id":32530,"date":"2024-02-27T08:02:01","date_gmt":"2024-02-27T11:02:01","guid":{"rendered":"https:\/\/eqz.adv.br\/?page_id=32530"},"modified":"2024-06-17T23:56:06","modified_gmt":"2024-06-18T02:56:06","slug":"publicacoes","status":"publish","type":"page","link":"https:\/\/eqz.adv.br\/en\/publicacoes\/","title":{"rendered":"Publications"},"content":{"rendered":"<div data-elementor-type=\"wp-page\" data-elementor-id=\"32530\" class=\"elementor elementor-32530\" data-elementor-post-type=\"page\">\n\t\t\t\t\t\t<section class=\"elementor-section elementor-top-section elementor-element elementor-element-1b5a87ba elementor-section-full_width elementor-section-height-default elementor-section-height-default\" data-id=\"1b5a87ba\" data-element_type=\"section\" data-settings=\"{&quot;background_background&quot;:&quot;classic&quot;}\">\n\t\t\t\t\t\t\t<div class=\"elementor-background-overlay\"><\/div>\n\t\t\t\t\t\t\t<div class=\"elementor-container elementor-column-gap-default\">\n\t\t\t\t\t<div class=\"elementor-column elementor-col-100 elementor-top-column elementor-element elementor-element-3fc453f1\" data-id=\"3fc453f1\" data-element_type=\"column\" data-settings=\"{&quot;background_background&quot;:&quot;classic&quot;}\">\n\t\t\t<div class=\"elementor-widget-wrap elementor-element-populated\">\n\t\t\t\t\t<div class=\"elementor-background-overlay\"><\/div>\n\t\t\t\t\t\t<section class=\"elementor-section elementor-inner-section elementor-element elementor-element-7c9c3ba4 elementor-section-full_width elementor-section-height-default elementor-section-height-default\" data-id=\"7c9c3ba4\" data-element_type=\"section\">\n\t\t\t\t\t\t<div class=\"elementor-container elementor-column-gap-default\">\n\t\t\t\t\t<div class=\"elementor-column elementor-col-100 elementor-inner-column elementor-element elementor-element-411de779\" data-id=\"411de779\" data-element_type=\"column\">\n\t\t\t<div class=\"elementor-widget-wrap elementor-element-populated\">\n\t\t\t\t<div class=\"elementor-element elementor-element-f533a26 e-flex e-con-boxed e-con e-parent\" data-id=\"f533a26\" data-element_type=\"container\">\n\t\t\t\t\t<div class=\"e-con-inner\">\n\t\t\t\t<div class=\"elementor-element elementor-element-53d6d7e elementor-widget-tablet__width-inherit elementor-widget elementor-widget-heading\" data-id=\"53d6d7e\" data-element_type=\"widget\" data-widget_type=\"heading.default\">\n\t\t\t\t<div class=\"elementor-widget-container\">\n\t\t\t\t\t<h1 class=\"elementor-heading-title elementor-size-default\">Publications<\/h1>\t\t\t\t<\/div>\n\t\t\t\t<\/div>\n\t\t\t\t<div class=\"elementor-element elementor-element-7cb2466 elementor-widget elementor-widget-text-editor\" data-id=\"7cb2466\" data-element_type=\"widget\" data-widget_type=\"text-editor.default\">\n\t\t\t\t<div class=\"elementor-widget-container\">\n\t\t\t\t\t\t\t\t\t<p>Fique por dentro dos principais assuntos relacionados ao Direito Penal.<\/p>\t\t\t\t\t\t\t\t<\/div>\n\t\t\t\t<\/div>\n\t\t\t\t\t<\/div>\n\t\t\t\t<\/div>\n\t\t\t\t\t<\/div>\n\t\t<\/div>\n\t\t\t\t\t<\/div>\n\t\t<\/section>\n\t\t\t\t\t<\/div>\n\t\t<\/div>\n\t\t\t\t\t<\/div>\n\t\t<\/section>\n\t\t\t\t<section class=\"elementor-section elementor-top-section elementor-element elementor-element-38be0347 elementor-section-boxed elementor-section-height-default elementor-section-height-default\" data-id=\"38be0347\" data-element_type=\"section\">\n\t\t\t\t\t\t<div class=\"elementor-container elementor-column-gap-default\">\n\t\t\t\t\t<div class=\"elementor-column elementor-col-25 elementor-top-column elementor-element elementor-element-48b8e0d\" data-id=\"48b8e0d\" data-element_type=\"column\" data-settings=\"{&quot;background_background&quot;:&quot;classic&quot;}\">\n\t\t\t<div class=\"elementor-widget-wrap elementor-element-populated\">\n\t\t\t\t\t<div class=\"elementor-background-overlay\"><\/div>\n\t\t\t\t\t\t<div class=\"elementor-element elementor-element-c5100e2 elementor-widget elementor-widget-heading\" data-id=\"c5100e2\" data-element_type=\"widget\" data-widget_type=\"heading.default\">\n\t\t\t\t<div class=\"elementor-widget-container\">\n\t\t\t\t\t<h2 class=\"elementor-heading-title elementor-size-default\">Articles<\/h2>\t\t\t\t<\/div>\n\t\t\t\t<\/div>\n\t\t\t\t<div class=\"elementor-element elementor-element-dab7f28 elementor-widget elementor-widget-text-editor\" data-id=\"dab7f28\" data-element_type=\"widget\" data-widget_type=\"text-editor.default\">\n\t\t\t\t<div class=\"elementor-widget-container\">\n\t\t\t\t\t\t\t\t\t<p>Aprofunde-se em t\u00f3picos espec\u00edficos com nossos artigos especializados. Explore an\u00e1lises detalhadas e perspectivas jur\u00eddicas.<\/p>\t\t\t\t\t\t\t\t<\/div>\n\t\t\t\t<\/div>\n\t\t\t\t<div class=\"elementor-element elementor-element-33fc248 elementor-align-center elementor-widget elementor-widget-button\" data-id=\"33fc248\" data-element_type=\"widget\" data-widget_type=\"button.default\">\n\t\t\t\t<div class=\"elementor-widget-container\">\n\t\t\t\t\t\t\t\t\t<div class=\"elementor-button-wrapper\">\n\t\t\t\t\t<a class=\"elementor-button elementor-button-link elementor-size-sm\" href=\"https:\/\/eqz.adv.br\/en\/artigos\/\">\n\t\t\t\t\t\t<span class=\"elementor-button-content-wrapper\">\n\t\t\t\t\t\t\t\t\t<span class=\"elementor-button-text\">Ver artigos<\/span>\n\t\t\t\t\t<\/span>\n\t\t\t\t\t<\/a>\n\t\t\t\t<\/div>\n\t\t\t\t\t\t\t\t<\/div>\n\t\t\t\t<\/div>\n\t\t\t\t\t<\/div>\n\t\t<\/div>\n\t\t\t\t<div class=\"elementor-column elementor-col-25 elementor-top-column elementor-element elementor-element-334a114\" data-id=\"334a114\" data-element_type=\"column\" data-settings=\"{&quot;background_background&quot;:&quot;classic&quot;}\">\n\t\t\t<div class=\"elementor-widget-wrap elementor-element-populated\">\n\t\t\t\t\t<div class=\"elementor-background-overlay\"><\/div>\n\t\t\t\t\t\t<div class=\"elementor-element elementor-element-18a4a3a elementor-widget elementor-widget-heading\" data-id=\"18a4a3a\" data-element_type=\"widget\" data-widget_type=\"heading.default\">\n\t\t\t\t<div class=\"elementor-widget-container\">\n\t\t\t\t\t<h2 class=\"elementor-heading-title elementor-size-default\">Informativos<\/h2>\t\t\t\t<\/div>\n\t\t\t\t<\/div>\n\t\t\t\t<div class=\"elementor-element elementor-element-e9c0278 elementor-widget elementor-widget-text-editor\" data-id=\"e9c0278\" data-element_type=\"widget\" data-widget_type=\"text-editor.default\">\n\t\t\t\t<div class=\"elementor-widget-container\">\n\t\t\t\t\t\t\t\t\t<p>Veja atualiza\u00e7\u00f5es regulares sobre as \u00faltimas mudan\u00e7as legais e decis\u00f5es judiciais. Explore nossos informativos para se manter informado.<\/p>\t\t\t\t\t\t\t\t<\/div>\n\t\t\t\t<\/div>\n\t\t\t\t<div class=\"elementor-element elementor-element-1da765d elementor-align-center elementor-widget elementor-widget-button\" data-id=\"1da765d\" data-element_type=\"widget\" data-widget_type=\"button.default\">\n\t\t\t\t<div class=\"elementor-widget-container\">\n\t\t\t\t\t\t\t\t\t<div class=\"elementor-button-wrapper\">\n\t\t\t\t\t<a class=\"elementor-button elementor-button-link elementor-size-sm\" href=\"https:\/\/eqz.adv.br\/en\/informativos\/\">\n\t\t\t\t\t\t<span class=\"elementor-button-content-wrapper\">\n\t\t\t\t\t\t\t\t\t<span class=\"elementor-button-text\">Ver informativos<\/span>\n\t\t\t\t\t<\/span>\n\t\t\t\t\t<\/a>\n\t\t\t\t<\/div>\n\t\t\t\t\t\t\t\t<\/div>\n\t\t\t\t<\/div>\n\t\t\t\t\t<\/div>\n\t\t<\/div>\n\t\t\t\t<div class=\"elementor-column elementor-col-25 elementor-top-column elementor-element elementor-element-d15a4da\" data-id=\"d15a4da\" data-element_type=\"column\" data-settings=\"{&quot;background_background&quot;:&quot;classic&quot;}\">\n\t\t\t<div class=\"elementor-widget-wrap elementor-element-populated\">\n\t\t\t\t\t<div class=\"elementor-background-overlay\"><\/div>\n\t\t\t\t\t\t<div class=\"elementor-element elementor-element-df76dd6 elementor-widget elementor-widget-heading\" data-id=\"df76dd6\" data-element_type=\"widget\" data-widget_type=\"heading.default\">\n\t\t\t\t<div class=\"elementor-widget-container\">\n\t\t\t\t\t<h2 class=\"elementor-heading-title elementor-size-default\">Books<\/h2>\t\t\t\t<\/div>\n\t\t\t\t<\/div>\n\t\t\t\t<div class=\"elementor-element elementor-element-37c7207 elementor-widget elementor-widget-text-editor\" data-id=\"37c7207\" data-element_type=\"widget\" data-widget_type=\"text-editor.default\">\n\t\t\t\t<div class=\"elementor-widget-container\">\n\t\t\t\t\t\t\t\t\t<p>Desbrave o conhecimento jur\u00eddico em nossos livros exclusivos.<br \/><br \/><br \/><\/p>\t\t\t\t\t\t\t\t<\/div>\n\t\t\t\t<\/div>\n\t\t\t\t<div class=\"elementor-element elementor-element-de32766 elementor-align-center elementor-widget elementor-widget-button\" data-id=\"de32766\" data-element_type=\"widget\" data-widget_type=\"button.default\">\n\t\t\t\t<div class=\"elementor-widget-container\">\n\t\t\t\t\t\t\t\t\t<div class=\"elementor-button-wrapper\">\n\t\t\t\t\t<a class=\"elementor-button elementor-button-link elementor-size-sm\" href=\"https:\/\/eqz.adv.br\/en\/livros\/\">\n\t\t\t\t\t\t<span class=\"elementor-button-content-wrapper\">\n\t\t\t\t\t\t\t\t\t<span class=\"elementor-button-text\">Ver Livros<\/span>\n\t\t\t\t\t<\/span>\n\t\t\t\t\t<\/a>\n\t\t\t\t<\/div>\n\t\t\t\t\t\t\t\t<\/div>\n\t\t\t\t<\/div>\n\t\t\t\t\t<\/div>\n\t\t<\/div>\n\t\t\t\t<div class=\"elementor-column elementor-col-25 elementor-top-column elementor-element elementor-element-9e41559\" data-id=\"9e41559\" data-element_type=\"column\" data-settings=\"{&quot;background_background&quot;:&quot;classic&quot;}\">\n\t\t\t<div class=\"elementor-widget-wrap elementor-element-populated\">\n\t\t\t\t\t<div class=\"elementor-background-overlay\"><\/div>\n\t\t\t\t\t\t<div class=\"elementor-element elementor-element-80aaaaa elementor-widget elementor-widget-heading\" data-id=\"80aaaaa\" data-element_type=\"widget\" data-widget_type=\"heading.default\">\n\t\t\t\t<div class=\"elementor-widget-container\">\n\t\t\t\t\t<h2 class=\"elementor-heading-title elementor-size-default\">Blog<\/h2>\t\t\t\t<\/div>\n\t\t\t\t<\/div>\n\t\t\t\t<div class=\"elementor-element elementor-element-2616b07 elementor-widget elementor-widget-text-editor\" data-id=\"2616b07\" data-element_type=\"widget\" data-widget_type=\"text-editor.default\">\n\t\t\t\t<div class=\"elementor-widget-container\">\n\t\t\t\t\t\t\t\t\t<p>Mantenha-se atualizado com as \u00faltimas insights legais em nosso blog. Explore an\u00e1lises, coment\u00e1rios e dicas especializadas.<\/p>\t\t\t\t\t\t\t\t<\/div>\n\t\t\t\t<\/div>\n\t\t\t\t<div class=\"elementor-element elementor-element-b809be3 elementor-align-center elementor-widget elementor-widget-button\" data-id=\"b809be3\" data-element_type=\"widget\" data-widget_type=\"button.default\">\n\t\t\t\t<div class=\"elementor-widget-container\">\n\t\t\t\t\t\t\t\t\t<div class=\"elementor-button-wrapper\">\n\t\t\t\t\t<a class=\"elementor-button elementor-button-link elementor-size-sm\" href=\"https:\/\/eqz.adv.br\/en\/blog\/\">\n\t\t\t\t\t\t<span class=\"elementor-button-content-wrapper\">\n\t\t\t\t\t\t\t\t\t<span class=\"elementor-button-text\">Ver Blog<\/span>\n\t\t\t\t\t<\/span>\n\t\t\t\t\t<\/a>\n\t\t\t\t<\/div>\n\t\t\t\t\t\t\t\t<\/div>\n\t\t\t\t<\/div>\n\t\t\t\t\t<\/div>\n\t\t<\/div>\n\t\t\t\t\t<\/div>\n\t\t<\/section>\n\t\t\t\t<\/div>","protected":false},"excerpt":{"rendered":"<p>Publica\u00e7\u00f5es Fique por dentro dos principais assuntos relacionados ao Direito Penal. Artigos Aprofunde-se em t\u00f3picos espec\u00edficos com nossos artigos especializados. Explore an\u00e1lises detalhadas e perspectivas jur\u00eddicas. Ver artigos Informativos Veja atualiza\u00e7\u00f5es regulares sobre as \u00faltimas mudan\u00e7as legais e decis\u00f5es judiciais. Explore nossos informativos para se manter informado. Ver informativos Livros Desbrave o conhecimento jur\u00eddico em [&hellip;]<\/p>","protected":false},"author":1,"featured_media":0,"parent":0,"menu_order":0,"comment_status":"closed","ping_status":"closed","template":"","meta":{"footnotes":""},"class_list":["post-32530","page","type-page","status-publish","hentry"],"yoast_head":"<!-- This site is optimized with the Yoast SEO Premium plugin v26.4 (Yoast SEO v26.4) - https:\/\/yoast.com\/wordpress\/plugins\/seo\/ -->\n<title>Publica\u00e7\u00f5es - EQZ<\/title>\n<meta name=\"robots\" content=\"index, follow, max-snippet:-1, max-image-preview:large, max-video-preview:-1\" \/>\n<link rel=\"canonical\" href=\"https:\/\/eqz.adv.br\/en\/publicacoes\/\" \/>\n<meta property=\"og:locale\" content=\"en_US\" \/>\n<meta property=\"og:type\" content=\"article\" \/>\n<meta property=\"og:title\" content=\"Publica\u00e7\u00f5es\" \/>\n<meta property=\"og:description\" content=\"Publica\u00e7\u00f5es Fique por dentro dos principais assuntos relacionados ao Direito Penal. Artigos Aprofunde-se em t\u00f3picos espec\u00edficos com nossos artigos especializados. Explore an\u00e1lises detalhadas e perspectivas jur\u00eddicas. Ver artigos Informativos Veja atualiza\u00e7\u00f5es regulares sobre as \u00faltimas mudan\u00e7as legais e decis\u00f5es judiciais. Explore nossos informativos para se manter informado. Ver informativos Livros Desbrave o conhecimento jur\u00eddico em [&hellip;]\" \/>\n<meta property=\"og:url\" content=\"https:\/\/eqz.adv.br\/en\/publicacoes\/\" \/>\n<meta property=\"og:site_name\" content=\"EQZ\" \/>\n<meta property=\"article:modified_time\" content=\"2024-06-18T02:56:06+00:00\" \/>\n<meta name=\"twitter:card\" content=\"summary_large_image\" \/>\n<script type=\"application\/ld+json\" class=\"yoast-schema-graph\">{\"@context\":\"https:\/\/schema.org\",\"@graph\":[{\"@type\":\"WebPage\",\"@id\":\"https:\/\/eqz.adv.br\/publicacoes\/\",\"url\":\"https:\/\/eqz.adv.br\/publicacoes\/\",\"name\":\"Publica\u00e7\u00f5es - EQZ\",\"isPartOf\":{\"@id\":\"https:\/\/eqz.adv.br\/#website\"},\"datePublished\":\"2024-02-27T11:02:01+00:00\",\"dateModified\":\"2024-06-18T02:56:06+00:00\",\"breadcrumb\":{\"@id\":\"https:\/\/eqz.adv.br\/publicacoes\/#breadcrumb\"},\"inLanguage\":\"en-US\",\"potentialAction\":[{\"@type\":\"ReadAction\",\"target\":[\"https:\/\/eqz.adv.br\/publicacoes\/\"]}]},{\"@type\":\"BreadcrumbList\",\"@id\":\"https:\/\/eqz.adv.br\/publicacoes\/#breadcrumb\",\"itemListElement\":[{\"@type\":\"ListItem\",\"position\":1,\"name\":\"In\u00edcio\",\"item\":\"https:\/\/eqz.adv.br\/\"},{\"@type\":\"ListItem\",\"position\":2,\"name\":\"Publica\u00e7\u00f5es\"}]},{\"@type\":\"WebSite\",\"@id\":\"https:\/\/eqz.adv.br\/#website\",\"url\":\"https:\/\/eqz.adv.br\/\",\"name\":\"EQZ\",\"description\":\"Advogados\",\"publisher\":{\"@id\":\"https:\/\/eqz.adv.br\/#organization\"},\"potentialAction\":[{\"@type\":\"SearchAction\",\"target\":{\"@type\":\"EntryPoint\",\"urlTemplate\":\"https:\/\/eqz.adv.br\/?s={search_term_string}\"},\"query-input\":{\"@type\":\"PropertyValueSpecification\",\"valueRequired\":true,\"valueName\":\"search_term_string\"}}],\"inLanguage\":\"en-US\"},{\"@type\":\"Organization\",\"@id\":\"https:\/\/eqz.adv.br\/#organization\",\"name\":\"EQZ\",\"url\":\"https:\/\/eqz.adv.br\/\",\"logo\":{\"@type\":\"ImageObject\",\"inLanguage\":\"en-US\",\"@id\":\"https:\/\/eqz.adv.br\/#\/schema\/logo\/image\/\",\"url\":\"https:\/\/eqz.adv.br\/wp-content\/uploads\/2024\/02\/logo-EQZ.webp\",\"contentUrl\":\"https:\/\/eqz.adv.br\/wp-content\/uploads\/2024\/02\/logo-EQZ.webp\",\"width\":1277,\"height\":639,\"caption\":\"EQZ\"},\"image\":{\"@id\":\"https:\/\/eqz.adv.br\/#\/schema\/logo\/image\/\"}}]}<\/script>\n<!-- \/ Yoast SEO Premium plugin. -->","yoast_head_json":{"title":"Publica\u00e7\u00f5es - EQZ","robots":{"index":"index","follow":"follow","max-snippet":"max-snippet:-1","max-image-preview":"max-image-preview:large","max-video-preview":"max-video-preview:-1"},"canonical":"https:\/\/eqz.adv.br\/en\/publicacoes\/","og_locale":"en_US","og_type":"article","og_title":"Publica\u00e7\u00f5es","og_description":"Publica\u00e7\u00f5es Fique por dentro dos principais assuntos relacionados ao Direito Penal. Artigos Aprofunde-se em t\u00f3picos espec\u00edficos com nossos artigos especializados. Explore an\u00e1lises detalhadas e perspectivas jur\u00eddicas. Ver artigos Informativos Veja atualiza\u00e7\u00f5es regulares sobre as \u00faltimas mudan\u00e7as legais e decis\u00f5es judiciais. Explore nossos informativos para se manter informado. Ver informativos Livros Desbrave o conhecimento jur\u00eddico em [&hellip;]","og_url":"https:\/\/eqz.adv.br\/en\/publicacoes\/","og_site_name":"EQZ","article_modified_time":"2024-06-18T02:56:06+00:00","twitter_card":"summary_large_image","schema":{"@context":"https:\/\/schema.org","@graph":[{"@type":"WebPage","@id":"https:\/\/eqz.adv.br\/publicacoes\/","url":"https:\/\/eqz.adv.br\/publicacoes\/","name":"Publica\u00e7\u00f5es - EQZ","isPartOf":{"@id":"https:\/\/eqz.adv.br\/#website"},"datePublished":"2024-02-27T11:02:01+00:00","dateModified":"2024-06-18T02:56:06+00:00","breadcrumb":{"@id":"https:\/\/eqz.adv.br\/publicacoes\/#breadcrumb"},"inLanguage":"en-US","potentialAction":[{"@type":"ReadAction","target":["https:\/\/eqz.adv.br\/publicacoes\/"]}]},{"@type":"BreadcrumbList","@id":"https:\/\/eqz.adv.br\/publicacoes\/#breadcrumb","itemListElement":[{"@type":"ListItem","position":1,"name":"In\u00edcio","item":"https:\/\/eqz.adv.br\/"},{"@type":"ListItem","position":2,"name":"Publica\u00e7\u00f5es"}]},{"@type":"WebSite","@id":"https:\/\/eqz.adv.br\/#website","url":"https:\/\/eqz.adv.br\/","name":"EQZ","description":"Advogados","publisher":{"@id":"https:\/\/eqz.adv.br\/#organization"},"potentialAction":[{"@type":"SearchAction","target":{"@type":"EntryPoint","urlTemplate":"https:\/\/eqz.adv.br\/?s={search_term_string}"},"query-input":{"@type":"PropertyValueSpecification","valueRequired":true,"valueName":"search_term_string"}}],"inLanguage":"en-US"},{"@type":"Organization","@id":"https:\/\/eqz.adv.br\/#organization","name":"EQZ","url":"https:\/\/eqz.adv.br\/","logo":{"@type":"ImageObject","inLanguage":"en-US","@id":"https:\/\/eqz.adv.br\/#\/schema\/logo\/image\/","url":"https:\/\/eqz.adv.br\/wp-content\/uploads\/2024\/02\/logo-EQZ.webp","contentUrl":"https:\/\/eqz.adv.br\/wp-content\/uploads\/2024\/02\/logo-EQZ.webp","width":1277,"height":639,"caption":"EQZ"},"image":{"@id":"https:\/\/eqz.adv.br\/#\/schema\/logo\/image\/"}}]}},"_links":{"self":[{"href":"https:\/\/eqz.adv.br\/en\/wp-json\/wp\/v2\/pages\/32530","targetHints":{"allow":["GET"]}}],"collection":[{"href":"https:\/\/eqz.adv.br\/en\/wp-json\/wp\/v2\/pages"}],"about":[{"href":"https:\/\/eqz.adv.br\/en\/wp-json\/wp\/v2\/types\/page"}],"author":[{"embeddable":true,"href":"https:\/\/eqz.adv.br\/en\/wp-json\/wp\/v2\/users\/1"}],"replies":[{"embeddable":true,"href":"https:\/\/eqz.adv.br\/en\/wp-json\/wp\/v2\/comments?post=32530"}],"version-history":[{"count":88,"href":"https:\/\/eqz.adv.br\/en\/wp-json\/wp\/v2\/pages\/32530\/revisions"}],"predecessor-version":[{"id":33702,"href":"https:\/\/eqz.adv.br\/en\/wp-json\/wp\/v2\/pages\/32530\/revisions\/33702"}],"wp:attachment":[{"href":"https:\/\/eqz.adv.br\/en\/wp-json\/wp\/v2\/media?parent=32530"}],"curies":[{"name":"wp","href":"https:\/\/api.w.org\/{rel}","templated":true}]}}